{"id":2452,"date":"2023-12-03T19:48:41","date_gmt":"2023-12-03T18:48:41","guid":{"rendered":"http:\/\/marsynmar.pl\/?page_id=2452"},"modified":"2024-01-07T22:18:50","modified_gmt":"2024-01-07T21:18:50","slug":"adwent-2023","status":"publish","type":"page","link":"http:\/\/marsynmar.pl\/?page_id=2452","title":{"rendered":"adwent 2023 i Narodzenie Pa\u0144skie"},"content":{"rendered":"\n<ul class=\"wp-block-list\">\n<li>2024.01.07 &#8211; Chrzest Pa\u0144ski<\/li>\n<\/ul>\n\n\n\n<figure class=\"wp-block-audio\"><audio controls src=\"http:\/\/marsynmar.pl\/wp-content\/uploads\/2024\/01\/HD_20240107_ChrzPanB_1032.mp3\"><\/audio><figcaption class=\"wp-element-caption\">+ rozwarte niebiosa wyda\u0142y Sprawiedliwego (Iz 55, 1-11; 1 J 5, 1-9; Mk 1, 7-11)<\/figcaption><\/figure>\n\n\n\n<ul class=\"wp-block-list\">\n<li>2024.01.06 &#8211; Objawienie Pa\u0144skie<\/li>\n<\/ul>\n\n\n\n<figure class=\"wp-block-audio\"><audio controls src=\"http:\/\/marsynmar.pl\/wp-content\/uploads\/2024\/01\/HD_20240106_ObjPan_1031.mp3\"><\/audio><figcaption class=\"wp-element-caption\">+ niech B\u00f3g b\u0119dzie uwielbiony za nasz udzia\u0142 w Chrystusie (Iz 60, 1-6; Ef 3, 2-3a. 5-6; Mt 2, 1-12)<\/figcaption><\/figure>\n\n\n\n<ul class=\"wp-block-list\">\n<li>2024.01.05 &#8211; 5 stycznia<\/li>\n<\/ul>\n\n\n\n<figure class=\"wp-block-audio\"><audio controls src=\"http:\/\/marsynmar.pl\/wp-content\/uploads\/2024\/01\/HD_20240105_5sty_1030.mp3\"><\/audio><figcaption class=\"wp-element-caption\">+ Jezus jest Mesjaszem (1 J 3, 11-21; J 1, 43-51)<\/figcaption><\/figure>\n\n\n\n<ul class=\"wp-block-list\">\n<li>2024.01.04 &#8211; 4 stycznia<\/li>\n<\/ul>\n\n\n\n<figure class=\"wp-block-audio\"><audio controls src=\"http:\/\/marsynmar.pl\/wp-content\/uploads\/2024\/01\/HD_20240104_4sty_1029.mp3\"><\/audio><figcaption class=\"wp-element-caption\">+ je\u015bli p\u00f3jdziemy za Nim, zobaczymy gdzie mieszka (1 J 3, 7-10; J 1, 35-42)<\/figcaption><\/figure>\n\n\n\n<ul class=\"wp-block-list\">\n<li>2024.01.03 &#8211; 3 stycznia<\/li>\n<\/ul>\n\n\n\n<figure class=\"wp-block-audio\"><audio controls src=\"http:\/\/marsynmar.pl\/wp-content\/uploads\/2024\/01\/HD_20240103_3sty_1028.mp3\"><\/audio><figcaption class=\"wp-element-caption\">+ dzi\u0119ki Jezusowi jeste\u015bmy dzie\u0107mi Bo\u017cymi (1 J 2, 29 \u2013 3, 6; J 1, 29-34)<\/figcaption><\/figure>\n\n\n\n<ul class=\"wp-block-list\">\n<li>2024.01.02 &#8211; 2 stycznia<\/li>\n<\/ul>\n\n\n\n<figure class=\"wp-block-audio\"><audio controls src=\"http:\/\/marsynmar.pl\/wp-content\/uploads\/2024\/01\/HD_20240102_2sty_1027.mp3\"><\/audio><figcaption class=\"wp-element-caption\">+ uwierzy\u0107 w Mesjasza (1 J 2, 22-28; J 1, 19-28)<\/figcaption><\/figure>\n\n\n\n<ul class=\"wp-block-list\">\n<li>2024.01.01 &#8211; \u015awi\u0119tej Bo\u017cej Rodzicielki Maryi<\/li>\n<\/ul>\n\n\n\n<figure class=\"wp-block-audio\"><audio controls src=\"http:\/\/marsynmar.pl\/wp-content\/uploads\/2024\/01\/HD_20240101_BozejRodz_1026.mp3\"><\/audio><figcaption class=\"wp-element-caption\">+ On jest dawc\u0105 Ducha b\u0142ogos\u0142awie\u0144stwa (Lb 6, 22-27; Ga 4, 4-7; \u0141k 2, 16-21)<\/figcaption><\/figure>\n\n\n\n<ul class=\"wp-block-list\">\n<li>2023.12.31 &#8211; \u015bw. Rodziny B<\/li>\n<\/ul>\n\n\n\n<figure class=\"wp-block-audio\"><audio controls src=\"http:\/\/marsynmar.pl\/wp-content\/uploads\/2023\/12\/HD_20231231_swRodzinyB_1025.mp3\"><\/audio><figcaption class=\"wp-element-caption\">+ rozwi\u0105zania trudno\u015bci we\u017cmy od \u015bw. Rodziny (Rdz 15, 1-6; 21, 1-3; Hbr 11, 8. 11-12. 17-19; \u0141k 2, 22-40)<\/figcaption><\/figure>\n\n\n\n<ul class=\"wp-block-list\">\n<li>2023.12.30 &#8211; 6 dz. okt. NP<\/li>\n<\/ul>\n\n\n\n<figure class=\"wp-block-audio\"><audio controls src=\"http:\/\/marsynmar.pl\/wp-content\/uploads\/2023\/12\/HD_20231230_6oktNP_1024.mp3\"><\/audio><figcaption class=\"wp-element-caption\">+ glosi\u0107 jak Anna wyzwolenie w Chrystusie (1 J 2, 12-17; \u0141k 2, 36-40)<\/figcaption><\/figure>\n\n\n\n<ul class=\"wp-block-list\">\n<li>2023.12.29 &#8211; 5 dz. okt. NP<\/li>\n<\/ul>\n\n\n\n<figure class=\"wp-block-audio\"><audio controls src=\"http:\/\/marsynmar.pl\/wp-content\/uploads\/2023\/12\/HD_20231229_5oktNP_1023.mp3\"><\/audio><figcaption class=\"wp-element-caption\">+ pyta\u0107 Ducha \u015awi\u0119tego jak kocha\u0107 (1 J 2, 3-11; \u0141k 2, 22-35)<\/figcaption><\/figure>\n\n\n\n<ul class=\"wp-block-list\">\n<li>2023.12.28 &#8211; \u015bw. M\u0142odziank\u00f3w<\/li>\n<\/ul>\n\n\n\n<figure class=\"wp-block-audio\"><audio controls src=\"http:\/\/marsynmar.pl\/wp-content\/uploads\/2023\/12\/HD_20231228_swMlodziankow_1022.mp3\"><\/audio><figcaption class=\"wp-element-caption\">+ chodzi\u0107 w \u015bwiat\u0142o\u015bci (1 J 1, 5 \u2013 2, 2; Mt 2, 13-18)<\/figcaption><\/figure>\n\n\n\n<ul class=\"wp-block-list\">\n<li>2023.12.27 &#8211; \u015bw. Jana Ew.<\/li>\n<\/ul>\n\n\n\n<figure class=\"wp-block-audio\"><audio controls src=\"http:\/\/marsynmar.pl\/wp-content\/uploads\/2023\/12\/HD_20231227_swJanaEw_1021.mp3\"><\/audio><figcaption class=\"wp-element-caption\">+ czy moje wsp\u00f3\u0142czestnictwo z Chrystusem jest \u017ar\u00f3d\u0142em rado\u015bci? (1 J 1, 1-4; J 20, 2-8)<\/figcaption><\/figure>\n\n\n\n<ul class=\"wp-block-list\">\n<li>2023.12.26 &#8211; \u015bw. Szczepana<\/li>\n<\/ul>\n\n\n\n<figure class=\"wp-block-audio\"><audio controls src=\"http:\/\/marsynmar.pl\/wp-content\/uploads\/2023\/12\/HD_20231226_swSzczep_1020.mp3\"><\/audio><figcaption class=\"wp-element-caption\">+ w r\u0119ce Twoje Panie (<strong>Dz 6, 8-10; 7, 54-60<\/strong>; <strong>Mt 10, 17-22<\/strong>)<\/figcaption><\/figure>\n\n\n\n<ul class=\"wp-block-list\">\n<li>2023.12.25 &#8211; Narodzenie Pa\u0144skie<\/li>\n<\/ul>\n\n\n\n<figure class=\"wp-block-audio\"><audio controls src=\"http:\/\/marsynmar.pl\/wp-content\/uploads\/2023\/12\/HD_20231225_NarPan_1019.mp3\"><\/audio><figcaption class=\"wp-element-caption\">+ On odnowi\u0142 nasz\u0105 godno\u015b\u0107 (Iz 52, 7-10; Hbr 1, 1-6; J 1, 1-18)<\/figcaption><\/figure>\n\n\n\n<ul class=\"wp-block-list\">\n<li>2023.12.24 &#8211; 4ndadwB<\/li>\n<\/ul>\n\n\n\n<figure class=\"wp-block-audio\"><audio controls src=\"http:\/\/marsynmar.pl\/wp-content\/uploads\/2023\/12\/HD_20231224_4ndadwB_1018.mp3\"><\/audio><figcaption class=\"wp-element-caption\">+ Jezus jest domem Boga na ziemi (2 Sm 7, 1-5. 8b-12. 14a. 16; Rz 16, 25-27; \u0141k 1, 26-38)<\/figcaption><\/figure>\n\n\n\n<ul class=\"wp-block-list\">\n<li>2023.12.23 &#8211; 3soadw<\/li>\n<\/ul>\n\n\n\n<figure class=\"wp-block-audio\"><audio controls src=\"http:\/\/marsynmar.pl\/wp-content\/uploads\/2023\/12\/HD_20231223_3soadw23_1017.mp3\"><\/audio><figcaption class=\"wp-element-caption\">+ Pan Jezus delikatnie, ale jak z\u0142otnik, nas oczyszcza (Ml 3, 1-4. 23-24; \u0141k 1, 57-66)<\/figcaption><\/figure>\n\n\n\n<ul class=\"wp-block-list\">\n<li>2023.12.22 &#8211; 3ptadw<\/li>\n<\/ul>\n\n\n\n<figure class=\"wp-block-audio\"><audio controls src=\"http:\/\/marsynmar.pl\/wp-content\/uploads\/2023\/12\/HD_20231222_3ptadw22_1016.mp3\"><\/audio><figcaption class=\"wp-element-caption\">+ Wszechmocny, \u015awi\u0119ty, Mi\u0142osierny (1 Sm 1, 24-28; \u0141k 1, 46-56)<\/figcaption><\/figure>\n\n\n\n<ul class=\"wp-block-list\">\n<li>2023.12.21 &#8211; 3czwadw<\/li>\n<\/ul>\n\n\n\n<figure class=\"wp-block-audio\"><audio controls src=\"http:\/\/marsynmar.pl\/wp-content\/uploads\/2023\/12\/HD_20231221_3czwadw_211014.mp3\"><\/audio><figcaption class=\"wp-element-caption\">+ pragnijmy, t\u0119sknijmy, wyczekujmy (PnP 2, 8-14; \u0141k 1, 39-45)<\/figcaption><\/figure>\n\n\n\n<ul class=\"wp-block-list\">\n<li>2023.12.20 &#8211; 3sradw<\/li>\n<\/ul>\n\n\n\n<figure class=\"wp-block-audio\"><audio controls src=\"http:\/\/marsynmar.pl\/wp-content\/uploads\/2023\/12\/HD_20231220_3sradw20_1013.mp3\"><\/audio><figcaption class=\"wp-element-caption\">+ B\u00f3g z nami (Iz 7, 10-14; \u0141k 1, 26-38)<\/figcaption><\/figure>\n\n\n\n<ul class=\"wp-block-list\">\n<li>2023.12.19 &#8211; 3wtadw<\/li>\n<\/ul>\n\n\n\n<figure class=\"wp-block-audio\"><audio controls src=\"http:\/\/marsynmar.pl\/wp-content\/uploads\/2023\/12\/HD_20231219_3wtadw19_1012.mp3\"><\/audio><figcaption class=\"wp-element-caption\">+ matka uczestniczy w misji jej dziecka (Sdz 13, 2-7. 24-25a; \u0141k 1, 5-25)<\/figcaption><\/figure>\n\n\n\n<ul class=\"wp-block-list\">\n<li>2023.12.18 &#8211; 3pnadw<\/li>\n<\/ul>\n\n\n\n<figure class=\"wp-block-audio\"><audio controls src=\"http:\/\/marsynmar.pl\/wp-content\/uploads\/2023\/12\/HD_20231218_3pnadw18_1011.mp3\"><\/audio><figcaption class=\"wp-element-caption\">+ On zbawia nas od prawdziwych wrog\u00f3w (Jr 23, 5-8; Mt 1, 18-24)<\/figcaption><\/figure>\n\n\n\n<ul class=\"wp-block-list\">\n<li>2023.12.17 &#8211; 3ndadwB<\/li>\n<\/ul>\n\n\n\n<figure class=\"wp-block-audio\"><audio controls src=\"http:\/\/marsynmar.pl\/wp-content\/uploads\/2023\/12\/HD_20231217_3ndadwB_1010.mp3\"><\/audio><figcaption class=\"wp-element-caption\">+ aby si\u0119 rozpleni\u0142a sprawiedliwo\u015b\u0107 (Iz 61, 1-2a. 10-11; 1 Tes 5, 16-24; J 1, 6-8. 19-28)<\/figcaption><\/figure>\n\n\n\n<ul class=\"wp-block-list\">\n<li>2023.12.16 &#8211; 2soadw<\/li>\n<\/ul>\n\n\n\n<figure class=\"wp-block-audio\"><audio controls src=\"http:\/\/marsynmar.pl\/wp-content\/uploads\/2023\/12\/HD_20231216_2soadw_1009.mp3\"><\/audio><figcaption class=\"wp-element-caption\">+ Jezus jest kluczem (Syr 48, 1-4. 9-11; Mt 17, 10-13)<\/figcaption><\/figure>\n\n\n\n<ul class=\"wp-block-list\">\n<li>2023.12.15 &#8211; 2ptadw<\/li>\n<\/ul>\n\n\n\n<figure class=\"wp-block-audio\"><audio controls src=\"http:\/\/marsynmar.pl\/wp-content\/uploads\/2023\/12\/HD_20231215_2ptadw_1008.mp3\"><\/audio><figcaption class=\"wp-element-caption\">+ dzi\u0119ki przykazaniom b\u0119dziesz mia\u0142 pok\u00f3j jak rzeka (Iz 48, 17-19; Mt 11, 16-19)<\/figcaption><\/figure>\n\n\n\n<ul class=\"wp-block-list\">\n<li>2023.12.14 &#8211; 2czwadw<\/li>\n<\/ul>\n\n\n\n<figure class=\"wp-block-audio\"><audio controls src=\"http:\/\/marsynmar.pl\/wp-content\/uploads\/2023\/12\/HD_20231214_2czwadw_1007.mp3\"><\/audio><figcaption class=\"wp-element-caption\">+ Jan jest cedrem na putyni (Iz 41, 13-20; Mt 11, 11-15)<\/figcaption><\/figure>\n\n\n\n<ul class=\"wp-block-list\">\n<li>2023.12.13 &#8211; 2sradw<\/li>\n<\/ul>\n\n\n\n<figure class=\"wp-block-audio\"><audio controls src=\"http:\/\/marsynmar.pl\/wp-content\/uploads\/2023\/12\/HD_20231213_2sradw_1006.mp3\"><\/audio><figcaption class=\"wp-element-caption\">+ przyjmij mi\u0142o\u015b\u0107 jako zasad\u0119 \u017cycia (Iz 40, 25-31; Mt 11, 28-30)<\/figcaption><\/figure>\n\n\n\n<ul class=\"wp-block-list\">\n<li>2023.12.12 &#8211; 2wtadw<\/li>\n<\/ul>\n\n\n\n<figure class=\"wp-block-audio\"><audio controls src=\"http:\/\/marsynmar.pl\/wp-content\/uploads\/2023\/12\/HD_20231212_2wtadw_1005.mp3\"><\/audio><figcaption class=\"wp-element-caption\">+ s\u0142uchajmy Jego s\u0142owa, kt\u00f3re trwa na wieki (Iz 40, 1-11; Mt 18, 12-14)<\/figcaption><\/figure>\n\n\n\n<ul class=\"wp-block-list\">\n<li>2023.12.11 &#8211; 2pnadw<\/li>\n<\/ul>\n\n\n\n<figure class=\"wp-block-audio\"><audio controls src=\"http:\/\/marsynmar.pl\/wp-content\/uploads\/2023\/12\/HD_20231211_2pnadw_1004.mp3\"><\/audio><figcaption class=\"wp-element-caption\">+ spowied\u017a to nowe stworzenie (Iz 35, 1-10; \u0141k 5, 17-26)<\/figcaption><\/figure>\n\n\n\n<ul class=\"wp-block-list\">\n<li>2023.12.10 &#8211; 2ndadwB<\/li>\n<\/ul>\n\n\n\n<figure class=\"wp-block-audio\"><audio controls src=\"http:\/\/marsynmar.pl\/wp-content\/uploads\/2023\/12\/HD_20231210_2ndadwB_1003.mp3\"><\/audio><figcaption class=\"wp-element-caption\">+ pokorni jak Jan Chrzciciel (Iz 40, 1-5. 9-11; 2 P 3, 8-14; Mk 1, 1-8)<\/figcaption><\/figure>\n\n\n\n<ul class=\"wp-block-list\">\n<li>2023.12.09 &#8211; 1soadw<\/li>\n<\/ul>\n\n\n\n<figure class=\"wp-block-audio\"><audio controls src=\"http:\/\/marsynmar.pl\/wp-content\/uploads\/2023\/12\/HD_20231209_1soadw_1002.mp3\"><\/audio><figcaption class=\"wp-element-caption\">+ Nauczyciel Mistrz i Jego pos\u0142a\u0144cy (Iz 30, 19-21. 23-26; Mt 9, 35 \u2013 10, 1. 5a. 6-8)<\/figcaption><\/figure>\n\n\n\n<ul class=\"wp-block-list\">\n<li>2023.12.08 &#8211; niepokalane pocz\u0119cie NMP<\/li>\n<\/ul>\n\n\n\n<figure class=\"wp-block-audio\"><audio controls src=\"http:\/\/marsynmar.pl\/wp-content\/uploads\/2023\/12\/HD_20231208_NPNMP_1001.mp3\"><\/audio><figcaption class=\"wp-element-caption\">+ przez Ni\u0105 wszystko jest odnowione (Rdz 3, 9-15. 20; Ef 1, 3-6. 11-12; \u0141k 1, 26-38)<\/figcaption><\/figure>\n\n\n\n<ul class=\"wp-block-list\">\n<li>2023.12.07 &#8211; 1czwadw<\/li>\n<\/ul>\n\n\n\n<figure class=\"wp-block-audio\"><audio controls src=\"http:\/\/marsynmar.pl\/wp-content\/uploads\/2023\/12\/HD_20231207_1czwadw_1000.mp3\"><\/audio><figcaption class=\"wp-element-caption\">+ znale\u017a\u0107 si\u0119 w mie\u015bcie Boga (Iz 26, 1-6; Mt 7, 21. 24-27)<\/figcaption><\/figure>\n\n\n\n<ul class=\"wp-block-list\">\n<li>2023.12.06 &#8211; 1sradw<\/li>\n<\/ul>\n\n\n\n<figure class=\"wp-block-audio\"><audio controls src=\"http:\/\/marsynmar.pl\/wp-content\/uploads\/2023\/12\/HD_20231206_1sradw_0998.mp3\"><\/audio><figcaption class=\"wp-element-caption\">+ oby\u015bmy dost\u0105pili tej uczty (Iz 25, 6-10a; Mt 15, 29-37)<\/figcaption><\/figure>\n\n\n\n<ul class=\"wp-block-list\">\n<li>2023.12.05 &#8211; 1wtadw<\/li>\n<\/ul>\n\n\n\n<figure class=\"wp-block-audio\"><audio controls src=\"http:\/\/marsynmar.pl\/wp-content\/uploads\/2023\/12\/HD_20231205_1wtadw_0997.mp3\"><\/audio><figcaption class=\"wp-element-caption\">+ pe\u0142en Ducha \u015awi\u0119tego Dawca pokoju (Iz 11, 1-10; \u0141k 10, 21-24)<\/figcaption><\/figure>\n\n\n\n<ul class=\"wp-block-list\">\n<li>2023.12.04 &#8211; 1pnadw<\/li>\n<\/ul>\n\n\n\n<figure class=\"wp-block-audio\"><audio controls src=\"http:\/\/marsynmar.pl\/wp-content\/uploads\/2023\/12\/HD_20231204_1pnadw_0996.mp3\"><\/audio><figcaption class=\"wp-element-caption\">+ On jest rozjemc\u0105 (Iz 2, 1-5; Mt 8, 5-11)<\/figcaption><\/figure>\n\n\n\n<ul class=\"wp-block-list\">\n<li>2023.12.03 &#8211; 1ndzdwB<\/li>\n<\/ul>\n\n\n\n<figure class=\"wp-block-audio\"><audio controls src=\"http:\/\/marsynmar.pl\/wp-content\/uploads\/2023\/12\/HD_20231203_1ndadwB_0995.mp3\"><\/audio><figcaption class=\"wp-element-caption\">+ bo Ty\u015b naszym Ojcem (Iz 63, 16b-17. 19b; 64, 2b-7; 1 Kor 1, 3-9; Mk 13, 33-37)<\/figcaption><\/figure>\n","protected":false},"excerpt":{"rendered":"","protected":false},"author":2,"featured_media":0,"parent":0,"menu_order":0,"comment_status":"closed","ping_status":"closed","template":"","meta":{"footnotes":""},"class_list":["post-2452","page","type-page","status-publish","hentry","entry"],"_links":{"self":[{"href":"http:\/\/marsynmar.pl\/index.php?rest_route=\/wp\/v2\/pages\/2452","targetHints":{"allow":["GET"]}}],"collection":[{"href":"http:\/\/marsynmar.pl\/index.php?rest_route=\/wp\/v2\/pages"}],"about":[{"href":"http:\/\/marsynmar.pl\/index.php?rest_route=\/wp\/v2\/types\/page"}],"author":[{"embeddable":true,"href":"http:\/\/marsynmar.pl\/index.php?rest_route=\/wp\/v2\/users\/2"}],"replies":[{"embeddable":true,"href":"http:\/\/marsynmar.pl\/index.php?rest_route=%2Fwp%2Fv2%2Fcomments&post=2452"}],"version-history":[{"count":38,"href":"http:\/\/marsynmar.pl\/index.php?rest_route=\/wp\/v2\/pages\/2452\/revisions"}],"predecessor-version":[{"id":2567,"href":"http:\/\/marsynmar.pl\/index.php?rest_route=\/wp\/v2\/pages\/2452\/revisions\/2567"}],"wp:attachment":[{"href":"http:\/\/marsynmar.pl\/index.php?rest_route=%2Fwp%2Fv2%2Fmedia&parent=2452"}],"curies":[{"name":"wp","href":"https:\/\/api.w.org\/{rel}","templated":true}]}}